{"id":45,"date":"2017-08-13T16:49:47","date_gmt":"2017-08-13T14:49:47","guid":{"rendered":"https:\/\/www.berufecheck.info\/?page_id=45"},"modified":"2020-01-19T19:46:07","modified_gmt":"2020-01-19T18:46:07","slug":"_premium","status":"publish","type":"page","link":"https:\/\/www.berufecheck.info\/index.php\/_premium\/","title":{"rendered":"BerufeCheck"},"content":{"rendered":"<h1><span style=\"color: #008000;\">BerufeCheck<\/span><\/h1>\n<h2><span style=\"color: #008000;\">Unser Angebot f\u00fcr Coaches, Bildungsinstitutionen und andere Bildungsmultiplikatoren<br \/>\n<\/span><\/h2>\n<p><strong>Zielgruppe BerufeCheck_Premium<br \/>\n<\/strong><\/p>\n<ul style=\"padding-left: 20px;\">\n<li>Studienberechtigte<\/li>\n<li>Ambitionierte Absolventinnen und Absolventen der mittleren Reife<\/li>\n<\/ul>\n<p><strong>Test-Durchf\u00fchrung<\/strong><\/p>\n<ul style=\"padding-left: 20px;\">\n<li>Drei Berufsw\u00fcnsche werden erfragt.<\/li>\n<li>Der BerufeCheck \u00fcberpr\u00fcft, ob die W\u00fcnsche zu den eingegebenen Interessen passen.<\/li>\n<li>Alternativen werden vorgeschlagen.<\/li>\n<\/ul>\n<p>Der Nutzer erh\u00e4lt eine <strong>ausf\u00fchrliche Stellungnahme\u00a0<\/strong>\u00a0zu seinem Ergebnis. Diese R\u00fcckmeldung wird von uns im Premiumprodukt<strong> pers\u00f6nlich erstellt<\/strong> und nicht automatisch generiert.<\/p>\n<p>Alle Informationen bez\u00fcglich passender bzw. nicht passender Berufe basieren auf einer<strong> individuellen, vertieften Datenrecherche<\/strong>.<\/p>\n<p>In der <strong>R\u00fcckmeldung<\/strong> sind enthalten:<\/p>\n<ul style=\"padding-left: 20px;\">\n<li>Jobbeschreibungen der vorgeschlagenen Berufe<\/li>\n<li>Infos zur jeweiligen Arbeitsmarktsituation<\/li>\n<li>Verdienstm\u00f6glichkeiten<\/li>\n<li>Individuelle Tipps zum weiteren Vorgehen<\/li>\n<\/ul>\n<p><strong>Pers\u00f6nliche R\u00fcckfragen zur Expertise sind m\u00f6glich.<\/strong><\/p>\n<p>Der Berufe-Check ist in einem <strong>\u00fcberschaubaren zeitlichen Rahmen<\/strong> (ca. 15-25 Minuten) zu absolvieren.<\/p>\n<p><!-- Beispiel BerufeCheck_Premium Expertise (Klicken f\u00fcr PDF-Dokument):\n\n<a href=\"https:\/\/www.berufecheck.info\/wp-content\/uploads\/2018\/02\/BerufeCheck_Premium_Max_Mustermann.pdf\"><img loading=\"lazy\" decoding=\"async\" class=\"alignnone wp-image-264 size-medium\" src=\"https:\/\/www.berufecheck.info\/wp-content\/uploads\/2017\/08\/BerufeCheck_Premium_Max_Mustermann_k-1-212x300.jpg\" alt=\"\" width=\"212\" height=\"300\" \/><\/a --><br \/>\n<a href=\"\/index.php\/test\/\"><img loading=\"lazy\" decoding=\"async\" class=\"alignright wp-image-278 size-full\" src=\"\/wp-content\/uploads\/2017\/10\/gratis_berufecheck.gif\" alt=\"Hier BerufeCheck testen\" width=\"244\" height=\"144\" \/><\/a><\/p>\n","protected":false},"excerpt":{"rendered":"<p>BerufeCheck Unser Angebot f\u00fcr Coaches, Bildungsinstitutionen und andere Bildungsmultiplikatoren Zielgruppe BerufeCheck_Premium Studienberechtigte Ambitionierte Absolventinnen und Absolventen der mittleren Reife Test-Durchf\u00fchrung Drei Berufsw\u00fcnsche werden erfragt. Der BerufeCheck \u00fcberpr\u00fcft, ob die W\u00fcnsche zu den eingegebenen Interessen passen. Alternativen werden vorgeschlagen. Der Nutzer erh\u00e4lt eine ausf\u00fchrliche Stellungnahme\u00a0\u00a0zu seinem Ergebnis. Diese R\u00fcckmeldung wird von uns im Premiumprodukt pers\u00f6nlich erstellt &hellip; <\/p>\n<p class=\"link-more\"><a href=\"https:\/\/www.berufecheck.info\/index.php\/_premium\/\" class=\"more-link\"><span class=\"screen-reader-text\">\u201eBerufeCheck\u201c <\/span>weiterlesen<\/a><\/p>\n","protected":false},"author":1,"featured_media":0,"parent":0,"menu_order":3,"comment_status":"closed","ping_status":"closed","template":"","meta":{"footnotes":""},"class_list":["post-45","page","type-page","status-publish","hentry"],"_links":{"self":[{"href":"https:\/\/www.berufecheck.info\/index.php\/wp-json\/wp\/v2\/pages\/45","targetHints":{"allow":["GET"]}}],"collection":[{"href":"https:\/\/www.berufecheck.info\/index.php\/wp-json\/wp\/v2\/pages"}],"about":[{"href":"https:\/\/www.berufecheck.info\/index.php\/wp-json\/wp\/v2\/types\/page"}],"author":[{"embeddable":true,"href":"https:\/\/www.berufecheck.info\/index.php\/wp-json\/wp\/v2\/users\/1"}],"replies":[{"embeddable":true,"href":"https:\/\/www.berufecheck.info\/index.php\/wp-json\/wp\/v2\/comments?post=45"}],"version-history":[{"count":25,"href":"https:\/\/www.berufecheck.info\/index.php\/wp-json\/wp\/v2\/pages\/45\/revisions"}],"predecessor-version":[{"id":380,"href":"https:\/\/www.berufecheck.info\/index.php\/wp-json\/wp\/v2\/pages\/45\/revisions\/380"}],"wp:attachment":[{"href":"https:\/\/www.berufecheck.info\/index.php\/wp-json\/wp\/v2\/media?parent=45"}],"curies":[{"name":"wp","href":"https:\/\/api.w.org\/{rel}","templated":true}]}}