{"id":64,"date":"2018-05-25T14:08:09","date_gmt":"2018-05-25T12:08:09","guid":{"rendered":"https:\/\/www.berufecheck.info\/?page_id=64"},"modified":"2018-05-25T14:10:53","modified_gmt":"2018-05-25T12:10:53","slug":"impressum","status":"publish","type":"page","link":"https:\/\/www.berufecheck.info\/index.php\/impressum\/","title":{"rendered":"Impressum und Datenschutzerkl\u00e4rung"},"content":{"rendered":"<div class=\"policy-text\">\n<div class=\"wp-suggested-text hide-privacy-policy-tutorial\">\n<h2>Wer wir sind<\/h2>\n<p>Die Adresse unserer Website ist: https:\/\/www.berufecheck.info.<\/p>\n<p>F\u00fcr die Inhalte ist verantwortlich:<\/p>\n<p class=\"bodytext\">Primovens<br \/>\nFirma J\u00fcrgen Dillmann<br \/>\nNeuhof 6<br \/>\nD &#8211; 66802 \u00dcberherren<\/p>\n<p class=\"bodytext\">Tel.: 06837 &#8211; 6929999<br \/>\nE-Mail: info@primovens.de<\/p>\n<p class=\"bodytext\">Steuer-Nr.: 010\/339\/06680<\/p>\n<h2>Welche personenbezogenen Daten wir sammeln und warum wir sie sammeln<\/h2>\n<h3>Datenerfassung beim Besuch unserer Website<\/h3>\n<p>Bei der blo\u00df informatorischen Nutzung unserer Website, also wenn Sie sich nicht registrieren oder uns anderweitig Informationen \u00fcbermitteln, erheben wir nur solche Daten, die Ihr Browser an unseren Server \u00fcbermittelt (sog. \u201eServer-Logfiles\u201c). Wenn Sie unsere Website aufrufen, erheben wir die folgenden Daten, die f\u00fcr uns technisch erforderlich sind, um Ihnen die Website anzuzeigen:<\/p>\n<ul>\n<li>Unsere besuchte Website<\/li>\n<li>Datum und Uhrzeit zum Zeitpunkt des Zugriffes<\/li>\n<li>Menge der gesendeten Daten in Byte<\/li>\n<li>Quelle\/Verweis, von welchem Sie auf die Seite gelangten<\/li>\n<li>Verwendeter Browser<\/li>\n<li>Verwendetes Betriebssystem<\/li>\n<li>Verwendete IP-Adresse (ggf.: in anonymisierter Form)<\/li>\n<\/ul>\n<p>Die Verarbeitung erfolgt gem\u00e4\u00df Art. 6 Abs. 1 lit. f DSGVO auf Basis unseres berechtigten Interesses an der Verbesserung der Stabilit\u00e4t und Funktionalit\u00e4t unserer Website. Eine Weitergabe oder anderweitige Verwendung der Daten findet nicht statt. Wir behalten uns allerdings vor, die Server-Logfiles nachtr\u00e4glich zu \u00fcberpr\u00fcfen, sollten konkrete Anhaltspunkte auf eine rechtswidrige Nutzung hinweisen.<\/p>\n<h3>Cookies<\/h3>\n<p>Um den Besuch unserer Website attraktiv zu gestalten und die Nutzung bestimmter Funktionen zu erm\u00f6glichen, verwenden wir auf verschiedenen Seiten sogenannte Cookies. Hierbei handelt es sich um kleine Textdateien, die auf Ihrem Endger\u00e4t abgelegt werden. Einige der von uns verwendeten Cookies werden nach dem Ende der Browser-Sitzung, also nach Schlie\u00dfen Ihres Browsers, wieder gel\u00f6scht (sog. Sitzungs-Cookies). Andere Cookies verbleiben auf Ihrem Endger\u00e4t und erm\u00f6glichen uns, Ihren Browser beim n\u00e4chsten Besuch wiederzuerkennen (persistente Cookies). Werden Cookies gesetzt, erheben und verarbeiten diese im individuellen Umfang bestimmte Nutzerinformationen wie Browser- und Standortdaten sowie IP-Adresswerte. Persistente Cookies werden automatisiert nach einer vorgegebenen Dauer gel\u00f6scht, die sich je nach Cookie unterscheiden kann.<\/p>\n<p>Teilweise dienen die Cookies dazu, durch Speicherung von Einstellungen den Bestellprozess zu vereinfachen (z.B. Merken des Inhalts eines virtuellen Warenkorbs f\u00fcr einen sp\u00e4teren Besuch auf der Website). Sofern durch einzelne von uns implementierte Cookies auch personenbezogene Daten verarbeitet werden, erfolgt die Verarbeitung gem\u00e4\u00df Art. 6 Abs. 1 lit. b DSGVO entweder zur Durchf\u00fchrung des Vertrages oder gem\u00e4\u00df Art. 6 Abs. 1 lit. f DSGVO zur Wahrung unserer berechtigten Interessen an der bestm\u00f6glichen Funktionalit\u00e4t der Website sowie einer kundenfreundlichen und effektiven Ausgestaltung des Seitenbesuchs.<\/p>\n<p>Bitte beachten Sie, dass Sie Ihren Browser so einstellen k\u00f6nnen, dass Sie \u00fcber das Setzen von Cookies informiert werden und einzeln \u00fcber deren Annahme entscheiden oder die Annahme von Cookies f\u00fcr bestimmte F\u00e4lle oder generell ausschlie\u00dfen k\u00f6nnen. Jeder Browser unterscheidet sich in der Art, wie er die Cookie-Einstellungen verwaltet. Diese ist in dem Hilfemen\u00fc jedes Browsers beschrieben, welches Ihnen erl\u00e4utert, wie Sie Ihre Cookie-Einstellungen \u00e4ndern k\u00f6nnen. Diese finden Sie f\u00fcr die jeweiligen Browser unter den folgenden Links:<\/p>\n<p>Internet Explorer: http:\/\/windows.microsoft.com\/de-DE\/windows-vista\/Block-or-allow-cookies<br \/>\nFirefox: https:\/\/support.mozilla.org\/de\/kb\/cookies-erlauben-und-ablehnen<br \/>\nChrome: http:\/\/support.google.com\/chrome\/bin\/answer.py?hl=de&amp;hlrm=en&amp;answer=95647<br \/>\nSafari: https:\/\/support.apple.com\/kb\/ph21411?locale=de_DE<br \/>\nOpera: http:\/\/help.opera.com\/Windows\/10.20\/de\/cookies.html<\/p>\n<p>Bitte beachten Sie, dass bei Nichtannahme von Cookies die Funktionalit\u00e4t unserer Website eingeschr\u00e4nkt sein kann.<\/p>\n<p>Wir setzen Cookies f\u00fcr folgendes ein:<\/p>\n<p>a) Ablaufverfolgung: F\u00fcr den BerufeCheck als Anwendung ist es erforderlich, dass alle Daten, die \u00fcber einen Durchlauf erhoben werden, auch einer Person zugeordnet werden k\u00f6nnen &#8211; sonst kann kein Berufsprofil erstellt werden.<\/p>\n<p class=\"bodytext\">b) Webseitenanalyse: Wir setzten Cookies zur pseudo-anonymisierten statistischen Auswertung Ihres Benutzerverhaltens mittels der Matomo-Webanalsysesoftware, um die Zugangsm\u00f6glichkeit der Webseite zu optimieren. Mehr dazu im Abschnitt zu &#8222;Analysedienste: Matomo&#8220;. Sie k\u00f6nnen der Webanaylse widersprechen (Opt-Out).<\/p>\n<h3>Verwendung von Webfonts<\/h3>\n<p>Auf diesen Internetseiten werden externe Schriften, Google Fonts verwendet. Google Fonts ist ein Dienst der Google Inc. (&#8222;Google&#8220;). Die Einbindung dieser Web Fonts erfolgt durch einen Serveraufruf, in der Regel ein Server von Google in den USA. Hierdurch wird an den Server \u00fcbermittelt, welche unserer Internetseiten Sie besucht haben. Auch wird die IP-Adresse des Browsers des Endger\u00e4tes des Besuchers dieser Internetseiten von Google gespeichert. N\u00e4here Informationen finden Sie in den Datenschutzhinweisen von Google, die Sie hier abrufen k\u00f6nnen:<br \/>\n<a class=\"text\" href=\"https:\/\/www.google.com\/fonts#AboutPlace:about\" target=\"_blank\" rel=\"nofollow noopener\">www.google.com\/fonts#AboutPlace:about<\/a><br \/>\n<a class=\"text\" href=\"https:\/\/www.google.com\/policies\/privacy\/\" target=\"_blank\" rel=\"nofollow noopener\">www.google.com\/policies\/privacy\/<\/a><\/p>\n<h3>Die BerufeCheck Web-Anwendung &#8211; w\u00e4hrend der Anwendung<\/h3>\n<p>Der BerufeCheck ist eine Web-Anwendung, welcher aus vom Anwender selbst und freiwillig erfassten Interessensdaten ein Berufsprofil errechnet. Um dieses Profil einem Probanden zuzuordnen und eine R\u00fcckmeldung zu geben, werden au\u00dferdem Kontaktdaten erhoben (Name, E-Mail-Adresse). Ist keine Auswertung gew\u00fcnscht, sind auch diese Angaben freiwillig. Es werden ggf. weitere freiwillige Daten erhoben, um die Profilanalyse n\u00fctzlicher zu gestalten (Wunschberufe, Anmerkungen). Der BerufeCheck.info-Server und der BerufeCheck-Anwendungsserver auf Primovens.de kommunizieren mittels eines Web-Interfaces miteinander. Die bei BerufeCheck.info erhobenen Daten werden per verschl\u00fcsselter SSL-Verbindung auf den Primovens-Server \u00fcbertragen und in nicht \u00f6ffentlich zug\u00e4nglichen Datenbanken abgelegt. Dabei werden die Profildaten unabh\u00e4ngig von den anderen Daten (Name, E-Mail, Wunschberufe, Anmerkungen) gespeichert, beide Datens\u00e4tze sind durch eine zuf\u00e4llig erzeugte Profile-ID miteinander verkn\u00fcpft. Die Profile-ID wird zur Ablaufsteuerung ben\u00f6tigt, um die \u00fcber mehrere Seiten laufende Abfrage der Profildaten einem Nutzer eindeutig zuordnen zu k\u00f6nnen. Diese ID ist nach au\u00dfen nicht sichtbar und nur dem BerufeCheck.info-Server und dem Primovens-Server bekannt. Auf dem Primovens-Server werden keine IP-Adressen des BerufeCheck.info Nutzers mitgeloggt.<\/p>\n<h3>Die BerufeCheck Web-Anwendung &#8211; Feedbackphase<\/h3>\n<p>Wenn der Proband keine Nachfragen zu seiner von Primovens individuell erzeugten Berufsliste hat, kommt es zu keiner weiteren Auswertung (au\u00dfer statistischer Natur). M\u00f6chte der Proband eine R\u00fcckmeldung haben, dann kann Primovens oder beauftragte Personen \u00fcber eine verschl\u00fcsselte und per Passwort gesch\u00fctzte Webseite sowohl auf die Namen\/Bemerkungen als auch auf die Profildaten zugreifen, beides \u00fcber die Profil-ID wieder miteinander verkn\u00fcpfen, eine Auswertung \/ Expertise mit Grafiken erstellen und dem Probanden zuschicken.<\/p>\n<h3>Die BerufeCheck Web-Anwendung &#8211; nach dem Feedback<\/h3>\n<p>Die pers\u00f6nlichen Daten (Name, E-Mail, Anmerkung etc.) werden nach dem Ablauf von drei Monaten aus den Daten entfernt. Es verbleiben die nun anonymen Profildaten und die Wunschberufe. Diese Daten werden zur statistischen Analyse, der Qualit\u00e4tssicherung und der Weiterentwicklung des BerufeChecks ben\u00f6tigt. Aus den verbleibenden Daten ist kein R\u00fcckschlu\u00df auf eine Person mehr m\u00f6glich. Die individuellen Auswertungen \/ Expertisen werden f\u00fcr insgesamt ein Jahr aufbewahrt, falls R\u00fcckfragen vom Probanden kommen, danach werden auch diese gel\u00f6scht.<\/p>\n<h3>Analysedienste<\/h3>\n<p>Auf dieser Website werden unter Einsatz der Webanalysedienst-Software Matomo (www.matomo.org), einem Dienst des Anbieters InnoCraft Ltd., 150 Willis St, 6011 Wellington, Neuseeland, (\u201eMataomo\u201c) auf Basis unseres berechtigten Interesses an der statistischen Analyse des Nutzerverhaltens zu Optimierungs- und Marketingzwecken gem\u00e4\u00df Art. 6 Abs. 1 lit. f DSGVO Daten gesammelt und gespeichert. Aus diesen Daten k\u00f6nnen zum selben Zweck pseudonymisierte Nutzungsprofile erstellt und ausgewertet werden. Hierzu k\u00f6nnen Cookies eingesetzt werden. Bei Cookies handelt es sich um kleine Textdateien, die lokal im Zwischenspeicher des Internet-Browsers des Seitenbesuchers gespeichert werden. Die Cookies erm\u00f6glichen unter anderem die Wiedererkennung des Internet-Browsers. Die mit der Matomo-Technologie erhobenen Daten (einschlie\u00dflich Ihrer pseudonymisierten IP-Adresse) werden auf unseren Servern verarbeitet. .<br \/>\nDie durch das Cookie erzeugten Informationen im pseudonymen Nutzerprofil werden nicht dazu benutzt, den Besucher dieser Website pers\u00f6nlich zu identifizieren und nicht mit personenbezogenen Daten \u00fcber den Tr\u00e4ger des Pseudonyms zusammengef\u00fchrt.<br \/>\nWenn Sie mit der Speicherung und Auswertung dieser Daten aus Ihrem Besuch nicht einverstanden sind, dann k\u00f6nnen Sie der Speicherung und Nutzung nachfolgend per Mausklick jederzeit widersprechen. In diesem Fall wird in Ihrem Browser ein sog. Opt-Out-Cookie abgelegt, was zur Folge hat, dass Matomo keinerlei Sitzungsdaten erhebt. Bitte beachten Sie, dass die vollst\u00e4ndige L\u00f6schung Ihrer Cookies zur Folge hat, dass auch das Opt-Out-Cookie gel\u00f6scht wird und ggf. von Ihnen erneut aktiviert werden muss.<\/p>\n<p><iframe style=\"border: 0; height: 200px; width: 600px;\" src=\"https:\/\/www.pkleemann.de\/piwik\/index.php?module=CoreAdminHome&amp;action=optOut&amp;language=de&amp;backgroundColor=e1ffee&amp;fontColor=&amp;fontSize=14px&amp;fontFamily=\"><span style=\"display: inline-block; width: 0px; overflow: hidden; line-height: 0;\" data-mce-type=\"bookmark\" class=\"mce_SELRES_start\">\ufeff<\/span><\/iframe><\/p>\n<h2>Welche Rechte Sie an Ihren Daten haben<\/h2>\n<p>Sie k\u00f6nnen die L\u00f6schung aller personenbezogenen Daten, die wir von Ihnen gespeichert haben, anfordern. Dies umfasst nicht die Daten, die wir aufgrund administrativer, rechtlicher oder sicherheitsrelevanter Notwendigkeiten aufbewahren m\u00fcssen. Von Ihnen erhobene Daten, die zwischenzeitlich anonymisiert wurden (z.B. BerufeCheck) k\u00f6nnen naturgem\u00e4\u00df nicht mehr gel\u00f6scht werden &#8211; da Sie auch nicht mehr Ihrer Person zugeordnet werden k\u00f6nnen.<\/p>\n<h2>Wohin wir Ihre Daten senden<\/h2>\n<p>Die Webseiten-Analyse der pseudo-anonymisierten Daten von Matomo wird durch unseren technischen Dienstleiter (Peter Kleemann Datenverarbeitung, Schubertstr.\u00a0 12, D-35418 Buseck) auf dessen Server (<a href=\"https:\/\/www.pkleemann.de\" target=\"_blank\" rel=\"noopener\">https:\/\/www.pkleemann.de<\/a>) durchgef\u00fchrt. Die Daten\u00fcbermittlung erfolgt durch ein verschl\u00fcsseltes SSL-Zertifikat. Der Standort des Servers ist Deutschland.<\/p>\n<p>Die Profilanalyse wird durch Primovens J\u00fcrgen Dillman selbst erstellt und die Daten im Zusammenhang mit dem BerufeCheck werden an die Primovens Datenbank \u00fcbermittelt. Die Daten\u00fcbertragung erfolgt durch ein verschl\u00fcsseltes SSL-Zertifikat. Der Standort des Servers ist Deutschland.<\/p>\n<h3><\/h3>\n<\/div>\n<\/div>\n","protected":false},"excerpt":{"rendered":"<p>Wer wir sind Die Adresse unserer Website ist: https:\/\/www.berufecheck.info. F\u00fcr die Inhalte ist verantwortlich: Primovens Firma J\u00fcrgen Dillmann Neuhof 6 D &#8211; 66802 \u00dcberherren Tel.: 06837 &#8211; 6929999 E-Mail: info@primovens.de Steuer-Nr.: 010\/339\/06680 Welche personenbezogenen Daten wir sammeln und warum wir sie sammeln Datenerfassung beim Besuch unserer Website Bei der blo\u00df informatorischen Nutzung unserer Website, also &hellip; <\/p>\n<p class=\"link-more\"><a href=\"https:\/\/www.berufecheck.info\/index.php\/impressum\/\" class=\"more-link\"><span class=\"screen-reader-text\">\u201eImpressum und Datenschutzerkl\u00e4rung\u201c <\/span>weiterlesen<\/a><\/p>\n","protected":false},"author":1,"featured_media":0,"parent":0,"menu_order":0,"comment_status":"closed","ping_status":"closed","template":"","meta":{"footnotes":""},"class_list":["post-64","page","type-page","status-publish","hentry"],"_links":{"self":[{"href":"https:\/\/www.berufecheck.info\/index.php\/wp-json\/wp\/v2\/pages\/64","targetHints":{"allow":["GET"]}}],"collection":[{"href":"https:\/\/www.berufecheck.info\/index.php\/wp-json\/wp\/v2\/pages"}],"about":[{"href":"https:\/\/www.berufecheck.info\/index.php\/wp-json\/wp\/v2\/types\/page"}],"author":[{"embeddable":true,"href":"https:\/\/www.berufecheck.info\/index.php\/wp-json\/wp\/v2\/users\/1"}],"replies":[{"embeddable":true,"href":"https:\/\/www.berufecheck.info\/index.php\/wp-json\/wp\/v2\/comments?post=64"}],"version-history":[{"count":5,"href":"https:\/\/www.berufecheck.info\/index.php\/wp-json\/wp\/v2\/pages\/64\/revisions"}],"predecessor-version":[{"id":357,"href":"https:\/\/www.berufecheck.info\/index.php\/wp-json\/wp\/v2\/pages\/64\/revisions\/357"}],"wp:attachment":[{"href":"https:\/\/www.berufecheck.info\/index.php\/wp-json\/wp\/v2\/media?parent=64"}],"curies":[{"name":"wp","href":"https:\/\/api.w.org\/{rel}","templated":true}]}}